{"id":126,"date":"2020-03-11T09:30:59","date_gmt":"2020-03-11T08:30:59","guid":{"rendered":"https:\/\/www.essent-ial.com\/store\/?page_id=126"},"modified":"2026-03-09T11:59:38","modified_gmt":"2026-03-09T10:59:38","slug":"privacy-policy","status":"publish","type":"page","link":"https:\/\/www.essent-ial.com\/en\/privacy-policy\/","title":{"rendered":"Privacy and Cookie Policy"},"content":{"rendered":"<div class=\"wpb-content-wrapper\"><p>[vc_row][vc_column][vc_empty_space height=&#8221;100px&#8221;][vc_column_text]<\/p>\n<h2>Informativa in materia di protezione dei dati personali ai sensi degli artt. 13 regolamento (ue) 2016\/679 (GDPR) \u2013 Uso del servizio di ordine online<\/h2>\n<p>[\/vc_column_text][vc_column_text css=&#8221;&#8221;]Ai sensi degli art. 13 e 14 del Regolamento (UE) 2016\/679 (GDPR) <strong>A.G.C. Srl Societ\u00e0 Benefit<\/strong> con sede in Via Giaime Pintor n. 15 41012 Carpi (MO), CF 02594200368, in qualit\u00e0 di Titolare del trattamento, informa il Cliente delle finalit\u00e0 e modalit\u00e0 del trattamento dei dati personali raccolti, del loro ambito di comunicazione e diffusione, oltre della natura del loro conferimento.[\/vc_column_text][vc_empty_space height=&#8221;20px&#8221;][\/vc_column][\/vc_row][vc_row][vc_column][vc_column_text]<\/p>\n<h2>Categorie di dati personali e particolari oggetto del trattamento<\/h2>\n<p>[\/vc_column_text][vc_column_text]Il Titolare tratta i dati personali, identificativi e di contatto forniti dal Cliente al fine di dare esecuzione all\u2019ordine del prodotto desiderato, come da richiesta dello stesso. Non si richiede al Cliente di fornire dati \u201cparticolari\u201d ex art. 9 del Regolamento (UE) 2016\/679. Qualora si verificasse la necessit\u00e0 di acquisire e trattare dati particolari, sar\u00e0 cura del Titolare raccogliere il consenso esplicito del Cliente.[\/vc_column_text][vc_empty_space height=&#8221;20px&#8221;][\/vc_column][\/vc_row][vc_row][vc_column][vc_column_text]<\/p>\n<h2>Modalita\u2019 di trattamento<\/h2>\n<p>[\/vc_column_text][vc_column_text]Il trattamento dei dati personali avviene nel pieno rispetto dei principi di riservatezza, correttezza, necessit\u00e0, pertinenza, liceit\u00e0 e trasparenza previsti dal GDPR. Il trattamento dei dati personali \u00e8 effettuato in forma prevalentemente elettronica, ad opera di soggetti, interni od esterni, appositamente incaricati ed autorizzati al trattamento di cui alla presente informativa.[\/vc_column_text][vc_empty_space height=&#8221;20px&#8221;][\/vc_column][\/vc_row][vc_row][vc_column][vc_column_text]<\/p>\n<h2>Finalita\u2019 e base giuridica del trattamento<\/h2>\n<p>[\/vc_column_text][vc_column_text]I dati personali forniti dall\u2019interessato sono trattati, previo consenso, per le seguenti finalit\u00e0:<\/p>\n<ol>\n<li>Assolvimento di eventuali obblighi di legge e\/o regolamentari (ad es. obblighi fiscali e contabili), controlli interni;<\/li>\n<li>Gestione ed esecuzione del contratto eventualmente concluso tra il Titolare e il Cliente;<\/li>\n<li>Adempimento delle obbligazioni derivanti e connesso al contratto, quali, a titolo meramente esemplificativo e non esaustivo, esecuzione dei servizi di trasporto e assistenza post-vendita al Cliente.<\/li>\n<\/ol>\n<p>Al fine di effettuare un ordine online, il Cliente fornisce le proprie generalit\u00e0, un indirizzo e-mail valido, nonch\u00e9 un numero di telefono, l\u2019indirizzo di spedizione e di fatturazione. Il conferimento dei dati personali ha natura facoltativa; tuttavia, il mancato conferimento degli stessi rende impossibile la corretta esecuzione dell\u2019ordine richiesto.<\/p>\n<p>I dati sono trattati per garantire le funzionalit\u00e0 disponibili, fra cui la gestione del carrello della spesa, sia per la selezione di uno o pi\u00f9 articoli, che per l\u2019eventuale memorizzazione del contenuto nel carrello, le indicazioni necessarie per effettuare le transazioni commerciali e l\u2019indicazione dei metodi di pagamento possibili, indicazioni riguardo la logistica per il trasporto, la consegna, ed eventualmente per le attivit\u00e0 di post vendita e verifica dell\u2019efficienza del servizio.<\/p>\n<p>La base giuridica del trattamento \u00e8 l\u2019esecuzione di misure contrattuali o precontrattuali su richiesta dell\u2019interessato ovvero l\u2019esecuzione dell\u2019ordine del prodotto selezionato dall\u2019interessato sulla pagina web www.essent-ial.com.[\/vc_column_text][vc_empty_space height=&#8221;20px&#8221;][\/vc_column][\/vc_row][vc_row][vc_column][vc_column_text]<\/p>\n<h2>Comunicazione e diffusione dei dati<\/h2>\n<p>[\/vc_column_text][vc_column_text]I dati raccolti non saranno diffusi, venduti o scambiati con terzi. I dati forniti potranno essere comunicati a soggetti esterni nominati responsabili esterni del trattamento ex art. 28 del Regolamento (UE) 2016\/679, quali, a titolo esemplificativo, fornitori del Titolare, societ\u00e0 operanti nel settore informatico e di assistenza informatica, societ\u00e0 di hosting, di web-marketing e telemarketing. L\u2019elenco completo e aggiornato dei responsabili del trattamento \u00e8 reperibile, su richiesta, avanzando richiesta al Titolare del trattamento. I dati potranno essere comunicati alle autorit\u00e0 competenti, secondo i termini di legge. L\u2019utilizzo dei dati forniti \u00e8 concesso esclusivamente per le finalit\u00e0 di cui alla presente informativa. Infine, i dati potranno essere comunicati al personale interni debitamente autorizzato.[\/vc_column_text][vc_empty_space height=&#8221;20px&#8221;][\/vc_column][\/vc_row][vc_row][vc_column][vc_column_text]<\/p>\n<h2>Periodo e criteri di conservazione dei dati<\/h2>\n<p>[\/vc_column_text][vc_column_text]I dati personali forniti verranno conservati per il tempo necessario all\u2019esecuzione delle attivit\u00e0 di cui alle finalit\u00e0. Il Titolare del trattamento conserver\u00e0 e utilizzer\u00e0 le informazioni raccolte in ottemperanza ad un obbligo legale o per risolvere dispute o controversie di natura legale. Al termine del periodo di conservazione i dati personali saranno cancellati o resi anonimi. Si precisa che allo spirare di tale termine il diritto di accesso, cancellazione, rettifica e alla portabilit\u00e0 dei dati non potranno pi\u00f9 essere esercitati.[\/vc_column_text][vc_empty_space height=&#8221;20px&#8221;][\/vc_column][\/vc_row][vc_row][vc_column][vc_column_text]<\/p>\n<h2>Diritti dell\u2019interessato<\/h2>\n<p>[\/vc_column_text][vc_column_text css=&#8221;&#8221;]In ogni momento, l\u2019interessato pu\u00f2 esercitare, ai sensi degli artt. 15 e ss. del GDPR 2016\/679, il diritto di:<\/p>\n<ul>\n<li>Accedere, ricevere e\/o far trasferire i dati personali <em>ex<\/em> 15 \u2013 20 GDPR;<\/li>\n<li>Rettificare e cancellare <em>ex<\/em> 16 e 17 GDPR;<\/li>\n<li>Limitazione del trattamento <em>ex<\/em> 21 GDPR e opposizione al trattamento <em>ex<\/em> art. 18 GDPR;<\/li>\n<li>Opposizione ad un processo decisionale automatizzato, compresa la profilazione.<\/li>\n<\/ul>\n<p>Per esercitare tali diritti, scrivere al Titolare a mezzo posta cartacea a A.G.C. Srl Societ\u00e0 Benefit, Via Giaime Pintor n. 15, 41012 Carpi (MO), o inviando un\u2019email a <a href=\"mailto:shop@essent-ial.com\">shop@essent-ial.com<\/a>. Questo indirizzo email \u00e8 protetto dagli spambots. \u00c8 necessario abilitare JavaScript per vederlo.<\/p>\n<p>Infine, l\u2019interessato ha diritto di proporre un reclamo <em>ex<\/em> art. 77 GDPR all\u2019Autorit\u00e0 di controllo competente secondo le indicazioni pubblicate sul sito <a href=\"http:\/\/www.garanteprivacy.it\" target=\"_blank\" rel=\"noopener noreferrer\">www.garanteprivacy.it<\/a>.[\/vc_column_text][vc_empty_space height=&#8221;20px&#8221;][\/vc_column][\/vc_row][vc_row][vc_column][vc_column_text]<\/p>\n<h2>Cookies<\/h2>\n<p>[\/vc_column_text][vc_raw_html css=&#8221;&#8221;]JTNDc2NyaXB0JTIwaWQlM0QlMjJDb29raWVEZWNsYXJhdGlvbiUyMiUyMHNyYyUzRCUyMmh0dHBzJTNBJTJGJTJGY29uc2VudC5jb29raWVib3QuY29tJTJGZGY2YjJhMzgtZTk3Yi00OTUzLWEyZDQtNGQwM2Y2MDJkM2RiJTJGY2QuanMlMjIlMjB0eXBlJTNEJTIydGV4dCUyRmphdmFzY3JpcHQlMjIlMjBhc3luYyUzRSUzQyUyRnNjcmlwdCUzRQ==[\/vc_raw_html][\/vc_column][\/vc_row][vc_row disable_element=&#8221;yes&#8221;][vc_column][vc_column_text]<\/p>\n<h2>Cookies<\/h2>\n<p>[\/vc_column_text][vc_column_text]Che cos\u2019\u00e8 un cookie?<br \/>\nUn cookie \u00e8 un file di piccole dimensioni che viene inviato al browser e salvato sul tuo dispositivo quando visiti un sito internet come essent-ial.com (\u201cil sito\u201d).\u2028I cookie permettono un funzionamento efficiente del sito e ne migliorano le prestazioni, inoltre forniscono informazioni al proprietario del sito per fini statistici o pubblicitari, principalmente per personalizzare la tua esperienza di navigazione ricordando le tue preferenze (per esempio ricordare la lingua e la valuta che hai impostato, per riconoscerti alla visita successiva, ecc.).<\/p>\n<p>Quali cookie utilizziamo e per quali finalit\u00e0? \u2028Il nostro sito utilizza diverse tipologie di cookie e tecnologie affini, ognuna delle quali ha una specifica funzione. Di seguito una tabella esplicativa.[\/vc_column_text][vc_empty_space height=&#8221;20px&#8221;][vc_column_text]<\/p>\n<h2>Tipologia di Cookie<\/h2>\n<p>[\/vc_column_text][vc_column_text]Funzione<br \/>\nCookie analitici di prima e terza parte<br \/>\nQuesti cookie sono utilizzati per elaborare analisi statistiche sulle modalit\u00e0 di navigazione degli utenti sul nostro sito. DEVOTION tratta i risultati di queste analisi in maniera anonima ed esclusivamente per finalit\u00e0 statistiche solo se il fornitore di servizi utilizza i cookie in connessione al browser utilizzato o su altri dispositivi utilizzati per navigare sul sito. Il sito utilizza alcuni servizi di terzi che, in modo del tutto indipendente, installano cookie propri.<br \/>\nCome posso disabilitare i cookie e gestire le mie preferenze?<br \/>\nLa maggior parte dei browser \u00e8 configurata per accettare, controllare o eventualmente disabilitare i cookie attraverso le impostazioni. Ti ricordiamo tuttavia che disabilitare i cookie di navigazione o quelli funzionali pu\u00f2 causare il malfunzionamento del sito e\/o limitare il servizio che offriamo. Di seguito indichiamo il percorso da seguire per gestire i cookie dai seguenti browser:<\/p>\n<p>IE: <a href=\"http:\/\/windows.microsoft.com\/it-it\/windows7\/block-enable-or-allow-cookies\" target=\"_blank\" rel=\"noopener noreferrer\">http:\/\/windows.microsoft.com\/it-it\/windows7\/block-enable-or-allow-cookies<\/a><\/p>\n<p>Safari: <a href=\"http:\/\/support.apple.com\/kb\/PH19255\" target=\"_blank\" rel=\"noopener noreferrer\">http:\/\/support.apple.com\/kb\/PH19255<\/a><\/p>\n<p>Chrome: <a href=\"https:\/\/support.google.com\/chrome\/answer\/95647?hl=it-IT&amp;hlrm=fr&amp;hlrm=en\" target=\"_blank\" rel=\"noopener noreferrer\">https:\/\/support.google.com\/chrome\/answer\/95647?hl=it-IT&amp;amp;hlrm=fr&amp;amp;hlrm=en<\/a><\/p>\n<p>Firefox: <a href=\"http:\/\/support.mozilla.org\/it-IT\/kb\/enable-and-disable-cookies-website-preferences\" target=\"_blank\" rel=\"noopener noreferrer\">http:\/\/support.mozilla.org\/it-IT\/kb\/enable-and-disable-cookies-website-preferences<\/a><\/p>\n<p>Per disabilitare i cookie analitici e impedire a Google Analytics di raccogliere dati sulla tua navigazione, puoi scaricare il Componente aggiuntivo del browser per la disattivazione di Google<\/p>\n<p>Analytics: <a href=\"https:\/\/tools.google.com\/dlpage\/gaoptout\" target=\"_blank\" rel=\"noopener noreferrer\">https:\/\/tools.google.com\/dlpage\/gaoptout<\/a>.[\/vc_column_text][vc_empty_space height=&#8221;20px&#8221;][\/vc_column][\/vc_row]<\/p>\n<\/div>","protected":false},"excerpt":{"rendered":"<p>[vc_row][vc_column][vc_empty_space height=&#8221;100px&#8221;][vc_column_text] Informativa in materia di protezione dei dati personali ai sensi degli artt. 13 regolamento (ue) 2016\/679 (GDPR) \u2013 Uso del servizio di ordine online [\/vc_column_text][vc_column_text css=&#8221;&#8221;]Ai sensi degli art. 13 e 14 del Regolamento (UE) 2016\/679 (GDPR) A.G.C. Srl Societ\u00e0 Benefit con sede in Via Giaime Pintor n. 15 41012 Carpi (MO), CF&hellip;<\/p>\n","protected":false},"author":2,"featured_media":0,"parent":0,"menu_order":0,"comment_status":"closed","ping_status":"closed","template":"","meta":{"_acf_changed":false,"footnotes":""},"class_list":["post-126","page","type-page","status-publish","hentry"],"acf":[],"yoast_head":"<!-- This site is optimized with the Yoast SEO plugin v27.4 - https:\/\/yoast.com\/product\/yoast-seo-wordpress\/ -->\n<title>Privacy and Cookie Policy &#8212; Essent&#039;ial<\/title>\n<meta name=\"robots\" content=\"index, follow, max-snippet:-1, max-image-preview:large, max-video-preview:-1\" \/>\n<link rel=\"canonical\" href=\"https:\/\/www.essent-ial.com\/en\/privacy-policy\/\" \/>\n<meta property=\"og:locale\" content=\"en_US\" \/>\n<meta property=\"og:type\" content=\"article\" \/>\n<meta property=\"og:title\" content=\"Privacy and Cookie Policy &#8212; Essent&#039;ial\" \/>\n<meta property=\"og:description\" content=\"[vc_row][vc_column][vc_empty_space height=&#8221;100px&#8221;][vc_column_text] Informativa in materia di protezione dei dati personali ai sensi degli artt. 13 regolamento (ue) 2016\/679 (GDPR) \u2013 Uso del servizio di ordine online [\/vc_column_text][vc_column_text css=&#8221;&#8221;]Ai sensi degli art. 13 e 14 del Regolamento (UE) 2016\/679 (GDPR) A.G.C. Srl Societ\u00e0 Benefit con sede in Via Giaime Pintor n. 15 41012 Carpi (MO), CF&hellip;\" \/>\n<meta property=\"og:url\" content=\"https:\/\/www.essent-ial.com\/en\/privacy-policy\/\" \/>\n<meta property=\"og:site_name\" content=\"Essent&#039;ial\" \/>\n<meta property=\"article:publisher\" content=\"https:\/\/www.facebook.com\/essentialfashiondesign\" \/>\n<meta property=\"article:modified_time\" content=\"2026-03-09T10:59:38+00:00\" \/>\n<meta name=\"twitter:card\" content=\"summary_large_image\" \/>\n<script type=\"application\/ld+json\" class=\"yoast-schema-graph\">{\"@context\":\"https:\\\/\\\/schema.org\",\"@graph\":[{\"@type\":\"WebPage\",\"@id\":\"https:\\\/\\\/www.essent-ial.com\\\/en\\\/privacy-policy\\\/\",\"url\":\"https:\\\/\\\/www.essent-ial.com\\\/en\\\/privacy-policy\\\/\",\"name\":\"Privacy and Cookie Policy &#8212; Essent&#039;ial\",\"isPartOf\":{\"@id\":\"https:\\\/\\\/www.essent-ial.com\\\/#website\"},\"datePublished\":\"2020-03-11T08:30:59+00:00\",\"dateModified\":\"2026-03-09T10:59:38+00:00\",\"breadcrumb\":{\"@id\":\"https:\\\/\\\/www.essent-ial.com\\\/en\\\/privacy-policy\\\/#breadcrumb\"},\"inLanguage\":\"en-US\",\"potentialAction\":[{\"@type\":\"ReadAction\",\"target\":[\"https:\\\/\\\/www.essent-ial.com\\\/en\\\/privacy-policy\\\/\"]}]},{\"@type\":\"BreadcrumbList\",\"@id\":\"https:\\\/\\\/www.essent-ial.com\\\/en\\\/privacy-policy\\\/#breadcrumb\",\"itemListElement\":[{\"@type\":\"ListItem\",\"position\":1,\"name\":\"Home\",\"item\":\"https:\\\/\\\/www.essent-ial.com\\\/en\\\/\"},{\"@type\":\"ListItem\",\"position\":2,\"name\":\"Privacy and Cookie Policy\"}]},{\"@type\":\"WebSite\",\"@id\":\"https:\\\/\\\/www.essent-ial.com\\\/#website\",\"url\":\"https:\\\/\\\/www.essent-ial.com\\\/\",\"name\":\"Essent&#039;ial\",\"description\":\"Accessori per il Food, Living e Fashion. Prodotti in fibra di cellulosa e materiali riciclati. Ecodesign made in Italy.\",\"publisher\":{\"@id\":\"https:\\\/\\\/www.essent-ial.com\\\/#organization\"},\"potentialAction\":[{\"@type\":\"SearchAction\",\"target\":{\"@type\":\"EntryPoint\",\"urlTemplate\":\"https:\\\/\\\/www.essent-ial.com\\\/?s={search_term_string}\"},\"query-input\":{\"@type\":\"PropertyValueSpecification\",\"valueRequired\":true,\"valueName\":\"search_term_string\"}}],\"inLanguage\":\"en-US\"},{\"@type\":\"Organization\",\"@id\":\"https:\\\/\\\/www.essent-ial.com\\\/#organization\",\"name\":\"Essent'ial\",\"url\":\"https:\\\/\\\/www.essent-ial.com\\\/\",\"logo\":{\"@type\":\"ImageObject\",\"inLanguage\":\"en-US\",\"@id\":\"https:\\\/\\\/www.essent-ial.com\\\/#\\\/schema\\\/logo\\\/image\\\/\",\"url\":null,\"contentUrl\":null,\"width\":\"1024\",\"height\":\"1024\",\"caption\":\"Essent'ial\"},\"image\":{\"@id\":\"https:\\\/\\\/www.essent-ial.com\\\/#\\\/schema\\\/logo\\\/image\\\/\"},\"sameAs\":[\"https:\\\/\\\/www.facebook.com\\\/essentialfashiondesign\",\"https:\\\/\\\/www.instagram.com\\\/essential_italy\\\/\"]}]}<\/script>\n<!-- \/ Yoast SEO plugin. -->","yoast_head_json":{"title":"Privacy and Cookie Policy &#8212; Essent&#039;ial","robots":{"index":"index","follow":"follow","max-snippet":"max-snippet:-1","max-image-preview":"max-image-preview:large","max-video-preview":"max-video-preview:-1"},"canonical":"https:\/\/www.essent-ial.com\/en\/privacy-policy\/","og_locale":"en_US","og_type":"article","og_title":"Privacy and Cookie Policy &#8212; Essent&#039;ial","og_description":"[vc_row][vc_column][vc_empty_space height=&#8221;100px&#8221;][vc_column_text] Informativa in materia di protezione dei dati personali ai sensi degli artt. 13 regolamento (ue) 2016\/679 (GDPR) \u2013 Uso del servizio di ordine online [\/vc_column_text][vc_column_text css=&#8221;&#8221;]Ai sensi degli art. 13 e 14 del Regolamento (UE) 2016\/679 (GDPR) A.G.C. Srl Societ\u00e0 Benefit con sede in Via Giaime Pintor n. 15 41012 Carpi (MO), CF&hellip;","og_url":"https:\/\/www.essent-ial.com\/en\/privacy-policy\/","og_site_name":"Essent&#039;ial","article_publisher":"https:\/\/www.facebook.com\/essentialfashiondesign","article_modified_time":"2026-03-09T10:59:38+00:00","twitter_card":"summary_large_image","schema":{"@context":"https:\/\/schema.org","@graph":[{"@type":"WebPage","@id":"https:\/\/www.essent-ial.com\/en\/privacy-policy\/","url":"https:\/\/www.essent-ial.com\/en\/privacy-policy\/","name":"Privacy and Cookie Policy &#8212; Essent&#039;ial","isPartOf":{"@id":"https:\/\/www.essent-ial.com\/#website"},"datePublished":"2020-03-11T08:30:59+00:00","dateModified":"2026-03-09T10:59:38+00:00","breadcrumb":{"@id":"https:\/\/www.essent-ial.com\/en\/privacy-policy\/#breadcrumb"},"inLanguage":"en-US","potentialAction":[{"@type":"ReadAction","target":["https:\/\/www.essent-ial.com\/en\/privacy-policy\/"]}]},{"@type":"BreadcrumbList","@id":"https:\/\/www.essent-ial.com\/en\/privacy-policy\/#breadcrumb","itemListElement":[{"@type":"ListItem","position":1,"name":"Home","item":"https:\/\/www.essent-ial.com\/en\/"},{"@type":"ListItem","position":2,"name":"Privacy and Cookie Policy"}]},{"@type":"WebSite","@id":"https:\/\/www.essent-ial.com\/#website","url":"https:\/\/www.essent-ial.com\/","name":"Essent&#039;ial","description":"Accessori per il Food, Living e Fashion. Prodotti in fibra di cellulosa e materiali riciclati. Ecodesign made in Italy.","publisher":{"@id":"https:\/\/www.essent-ial.com\/#organization"},"potentialAction":[{"@type":"SearchAction","target":{"@type":"EntryPoint","urlTemplate":"https:\/\/www.essent-ial.com\/?s={search_term_string}"},"query-input":{"@type":"PropertyValueSpecification","valueRequired":true,"valueName":"search_term_string"}}],"inLanguage":"en-US"},{"@type":"Organization","@id":"https:\/\/www.essent-ial.com\/#organization","name":"Essent'ial","url":"https:\/\/www.essent-ial.com\/","logo":{"@type":"ImageObject","inLanguage":"en-US","@id":"https:\/\/www.essent-ial.com\/#\/schema\/logo\/image\/","url":null,"contentUrl":null,"width":"1024","height":"1024","caption":"Essent'ial"},"image":{"@id":"https:\/\/www.essent-ial.com\/#\/schema\/logo\/image\/"},"sameAs":["https:\/\/www.facebook.com\/essentialfashiondesign","https:\/\/www.instagram.com\/essential_italy\/"]}]}},"_links":{"self":[{"href":"https:\/\/www.essent-ial.com\/en\/wp-json\/wp\/v2\/pages\/126","targetHints":{"allow":["GET"]}}],"collection":[{"href":"https:\/\/www.essent-ial.com\/en\/wp-json\/wp\/v2\/pages"}],"about":[{"href":"https:\/\/www.essent-ial.com\/en\/wp-json\/wp\/v2\/types\/page"}],"author":[{"embeddable":true,"href":"https:\/\/www.essent-ial.com\/en\/wp-json\/wp\/v2\/users\/2"}],"replies":[{"embeddable":true,"href":"https:\/\/www.essent-ial.com\/en\/wp-json\/wp\/v2\/comments?post=126"}],"version-history":[{"count":2,"href":"https:\/\/www.essent-ial.com\/en\/wp-json\/wp\/v2\/pages\/126\/revisions"}],"predecessor-version":[{"id":23842,"href":"https:\/\/www.essent-ial.com\/en\/wp-json\/wp\/v2\/pages\/126\/revisions\/23842"}],"wp:attachment":[{"href":"https:\/\/www.essent-ial.com\/en\/wp-json\/wp\/v2\/media?parent=126"}],"curies":[{"name":"wp","href":"https:\/\/api.w.org\/{rel}","templated":true}]}}